{"id":1712,"date":"2025-11-12T17:04:06","date_gmt":"2025-11-12T17:04:06","guid":{"rendered":"https:\/\/turnuptechnologies.net\/zmirov\/?page_id=1712"},"modified":"2026-03-19T17:26:49","modified_gmt":"2026-03-19T17:26:49","slug":"realisations","status":"publish","type":"page","link":"https:\/\/www.zmirov.com\/en\/realisations\/","title":{"rendered":"R\u00e9alisations"},"content":{"rendered":"<div data-elementor-type=\"wp-page\" data-elementor-id=\"1712\" class=\"elementor elementor-1712\" data-elementor-post-type=\"page\">\n\t\t\t\t<div class=\"elementor-element elementor-element-59587f6 e-flex e-con-boxed e-con e-parent\" data-id=\"59587f6\" data-element_type=\"container\" data-e-type=\"container\">\n\t\t\t\t\t<div class=\"e-con-inner\">\n\t\t<div class=\"elementor-element elementor-element-9d85c2a e-con-full e-flex e-con e-child\" data-id=\"9d85c2a\" data-element_type=\"container\" data-e-type=\"container\">\n\t\t\t\t<div class=\"elementor-element elementor-element-09d7698 elementor-widget elementor-widget-heading\" data-id=\"09d7698\" data-element_type=\"widget\" data-e-type=\"widget\" data-widget_type=\"heading.default\">\n\t\t\t\t\t<h1 class=\"elementor-heading-title elementor-size-default\">Nos r\u00e9alisations<\/h1>\t\t\t\t<\/div>\n\t\t\t\t<\/div>\n\t\t<div class=\"elementor-element elementor-element-c4067f2 e-con-full e-flex e-con e-child\" data-id=\"c4067f2\" data-element_type=\"container\" data-e-type=\"container\">\n\t\t\t\t<div class=\"elementor-element elementor-element-703e9b9 elementor-widget elementor-widget-text-editor\" data-id=\"703e9b9\" data-element_type=\"widget\" data-e-type=\"widget\" data-widget_type=\"text-editor.default\">\n\t\t\t\t\t\t\t\t\t<p>Chaque collaboration est une rencontre entre une id\u00e9e, une marque et un contexte. Nous concevons des dispositifs qui font sens, marquent leur \u00e9poque et nourrissent l\u2019image. Derri\u00e8re chaque projet : une strat\u00e9gie claire, une ex\u00e9cution juste et une ambition partag\u00e9e.<\/p>\t\t\t\t\t\t\t\t<\/div>\n\t\t<div class=\"elementor-element elementor-element-0e56854 e-con-full e-flex e-con e-child\" data-id=\"0e56854\" data-element_type=\"container\" data-e-type=\"container\">\n\t\t\t\t<div class=\"elementor-element elementor-element-4e3e125 elementor-align-left button-curves elementor-widget elementor-widget-button\" data-id=\"4e3e125\" data-element_type=\"widget\" data-e-type=\"widget\" data-hover-text=\"Manifesto\" data-widget_type=\"button.default\">\n\t\t\t\t\t\t\t\t\t\t<a class=\"elementor-button elementor-button-link elementor-size-sm\" href=\"https:\/\/www.zmirov.com\/en\/agence\/\">\n\t\t\t\t\t\t<span class=\"elementor-button-content-wrapper\">\n\t\t\t\t\t\t\t\t\t<span class=\"elementor-button-text\">Nos r\u00e9compenses<\/span>\n\t\t\t\t\t<\/span>\n\t\t\t\t\t<\/a>\n\t\t\t\t\t\t\t\t<\/div>\n\t\t\t\t<\/div>\n\t\t\t\t<\/div>\n\t\t\t\t\t<\/div>\n\t\t\t\t<\/div>\n\t\t<div class=\"elementor-element elementor-element-9704ad3 e-flex e-con-boxed e-con e-parent\" data-id=\"9704ad3\" data-element_type=\"container\" data-e-type=\"container\">\n\t\t\t\t\t<div class=\"e-con-inner\">\n\t\t\t\t<div class=\"elementor-element elementor-element-d510d74 elementor-widget elementor-widget-shortcode\" data-id=\"d510d74\" data-element_type=\"widget\" data-e-type=\"widget\" data-widget_type=\"shortcode.default\">\n\t\t\t\t\t\t\t<div class=\"elementor-shortcode\">    <div class=\"zmirov-filters-wrapper\" id=\"zmirov-ajax-filters\">\r\n        <a href=\"#\" class=\"filter-btn active\" data-slug=\"\">All<\/a>\r\n                    <a href=\"#\" class=\"filter-btn\" data-slug=\"beaute\">Beaut\u00e9<\/a>\r\n                    <a href=\"#\" class=\"filter-btn\" data-slug=\"boissons\">Boissons<\/a>\r\n                    <a href=\"#\" class=\"filter-btn\" data-slug=\"corporate\">Corporate<\/a>\r\n                    <a href=\"#\" class=\"filter-btn\" data-slug=\"food\">Food<\/a>\r\n                    <a href=\"#\" class=\"filter-btn\" data-slug=\"high-tech\">High-Tech<\/a>\r\n                    <a href=\"#\" class=\"filter-btn\" data-slug=\"maison-design\">Maison &amp; Design<\/a>\r\n                    <a href=\"#\" class=\"filter-btn\" data-slug=\"mobilite\">Mobilit\u00e9<\/a>\r\n                    <a href=\"#\" class=\"filter-btn\" data-slug=\"mode\">Mode<\/a>\r\n            <\/div>\r\n    <div class=\"realizations-grid\" id=\"realizations-response\">\r\n        <a href=\"https:\/\/www.zmirov.com\/en\/realization\/cas-decole-leboncoin-une-piece-a-soi\/\" class=\"realizations-card\"><div class=\"realizations-card__bg\" style=\"background-image:url(https:\/\/www.zmirov.com\/wp-content\/uploads\/2026\/04\/ImagePrincipale-2.webp);\"><\/div><div class=\"realizations-card__content\"><h3 class=\"realizations-card__title\">LEBONCOIN \u2013 UNE PI\u00c8CE \u00c0 SOI<\/h3><div class=\"realizations-card__desc\"><p>Activation : Leboncoin, Une pi\u00e8ce \u00e0 soi<\/p>\n<\/div><\/div><\/a><a href=\"https:\/\/www.zmirov.com\/en\/realization\/cas-decole-renault\/\" class=\"realizations-card\"><div class=\"realizations-card__bg\" style=\"background-image:url(https:\/\/www.zmirov.com\/wp-content\/uploads\/2026\/01\/Article_11zon-2.webp);\"><\/div><div class=\"realizations-card__content\"><h3 class=\"realizations-card__title\">RENAULT MAISON 5\u200b<\/h3><div class=\"realizations-card__desc\"><p>Pop-up exp\u00e9rientiel : Renault Maison 5\u200b<\/p>\n<\/div><\/div><\/a><a href=\"https:\/\/www.zmirov.com\/en\/realization\/cas-decole-oatly\/\" class=\"realizations-card\"><div class=\"realizations-card__bg\" style=\"background-image:url(https:\/\/www.zmirov.com\/wp-content\/uploads\/2026\/03\/OATLY-scaled.webp);\"><\/div><div class=\"realizations-card__content\"><h3 class=\"realizations-card__title\">OATLY SOFT SERVE\u200b<\/h3><div class=\"realizations-card__desc\"><p>Pop-up exp\u00e9rentiel : Oatly Soft Serve<\/p>\n<\/div><\/div><\/a><a href=\"https:\/\/www.zmirov.com\/en\/realization\/cas-decole-lee-x-basquiat\/\" class=\"realizations-card\"><div class=\"realizations-card__bg\" style=\"background-image:url(https:\/\/www.zmirov.com\/wp-content\/uploads\/2026\/03\/LEE1-scaled.webp);\"><\/div><div class=\"realizations-card__content\"><h3 class=\"realizations-card__title\">LEE X BASQUIAT<\/h3><div class=\"realizations-card__desc\"><p>Lancement de collection : Lee x Basquiat<\/p>\n<\/div><\/div><\/a><a href=\"https:\/\/www.zmirov.com\/en\/realization\/cas-decole-evian\/\" class=\"realizations-card\"><div class=\"realizations-card__bg\" style=\"background-image:url(https:\/\/www.zmirov.com\/wp-content\/uploads\/2026\/03\/Rectangle-23-3.webp);\"><\/div><div class=\"realizations-card__content\"><h3 class=\"realizations-card__title\">Evian Mountain of Youth<\/h3><div class=\"realizations-card__desc\"><p>Exp\u00e9rience sensorielle immersive : Evian Mountain of Youth<\/p>\n<\/div><\/div><\/a><a href=\"https:\/\/www.zmirov.com\/en\/realization\/cas-decole-epicery\/\" class=\"realizations-card\"><div class=\"realizations-card__bg\" style=\"background-image:url(https:\/\/www.zmirov.com\/wp-content\/uploads\/2026\/04\/ImagePrincipale-6.webp);\"><\/div><div class=\"realizations-card__content\"><h3 class=\"realizations-card__title\">EPICERY <\/h3><div class=\"realizations-card__desc\"><p>Lancement de marque : EPICERY<\/p>\n<\/div><\/div><\/a><a href=\"https:\/\/www.zmirov.com\/en\/realization\/cas-decole-izipizi-stadium\/\" class=\"realizations-card\"><div class=\"realizations-card__bg\" style=\"background-image:url(https:\/\/www.zmirov.com\/wp-content\/uploads\/2026\/03\/IZI5-scaled.webp);\"><\/div><div class=\"realizations-card__content\"><h3 class=\"realizations-card__title\">IZIPIZI STADIUM<\/h3><div class=\"realizations-card__desc\"><p>Lancement de collection : IZIPIZI Stadium<\/p>\n<\/div><\/div><\/a><a href=\"https:\/\/www.zmirov.com\/en\/realization\/cas-decole-un-zest-de-fun\/\" class=\"realizations-card\"><div class=\"realizations-card__bg\" style=\"background-image:url(https:\/\/www.zmirov.com\/wp-content\/uploads\/2026\/03\/IZIPIZI_STADIUM_SUN_DUO_C_DYNAMICGREEN_N_ACTIVEYELLOW_01-1-scaled.webp);\"><\/div><div class=\"realizations-card__content\"><h3 class=\"realizations-card__title\">VOLVIC - UN ZEST DE FUN<\/h3><div class=\"realizations-card__desc\"><p>Amplification m\u00e9diatique : Volvic, Un Zest de Fun<\/p>\n<\/div><\/div><\/a><a href=\"https:\/\/www.zmirov.com\/en\/realization\/cas-decole-leboncoin-leboncrew\/\" class=\"realizations-card\"><div class=\"realizations-card__bg\" style=\"background-image:url(https:\/\/www.zmirov.com\/wp-content\/uploads\/2026\/04\/ImagePrincipale-5.webp);\"><\/div><div class=\"realizations-card__content\"><h3 class=\"realizations-card__title\">Leboncoin - Leboncrew<\/h3><div class=\"realizations-card__desc\"><p>Social Media : Leboncoin &#8211; Leboncrew<\/p>\n<\/div><\/div><\/a><a href=\"https:\/\/www.zmirov.com\/en\/realization\/cas-decole-aigle\/\" class=\"realizations-card\"><div class=\"realizations-card__bg\" style=\"background-image:url(https:\/\/www.zmirov.com\/wp-content\/uploads\/2026\/03\/AIGLEEEEE-scaled.webp);\"><\/div><div class=\"realizations-card__content\"><h3 class=\"realizations-card__title\">Cas d\u2019\u00e9cole Aigle+1<\/h3><div class=\"realizations-card__desc\"><p>Cas d&rsquo;\u00e9cole pour la marque Aigle<\/p>\n<\/div><\/div><\/a><a href=\"https:\/\/www.zmirov.com\/en\/realization\/cas-decole-leboncoin-campagne-pub-des-15-ans\/\" class=\"realizations-card\"><div class=\"realizations-card__bg\" style=\"background-image:url(https:\/\/www.zmirov.com\/wp-content\/uploads\/2026\/04\/Image3-3.webp);\"><\/div><div class=\"realizations-card__content\"><h3 class=\"realizations-card__title\">LEBONCOIN \u2013 CAMPAGNE PUB DES 15 ANS<\/h3><div class=\"realizations-card__desc\"><p>Amplification m\u00e9diatique : Les 15 ans de Leboncoin<\/p>\n<\/div><\/div><\/a><a href=\"https:\/\/www.zmirov.com\/en\/realization\/cas-decole-the-north-face-steep-series\/\" class=\"realizations-card\"><div class=\"realizations-card__bg\" style=\"background-image:url(https:\/\/www.zmirov.com\/wp-content\/uploads\/2026\/04\/ImagePrincipale-4.webp);\"><\/div><div class=\"realizations-card__content\"><h3 class=\"realizations-card__title\">THE NORTH FACE \u2013 STEEP SERIES<\/h3><div class=\"realizations-card__desc\"><p>Activation terrain : The North Face Steep Series<\/p>\n<\/div><\/div><\/a><a href=\"https:\/\/www.zmirov.com\/en\/realization\/cas-decole-undiz-x-aya-nakamura\/\" class=\"realizations-card\"><div class=\"realizations-card__bg\" style=\"background-image:url(https:\/\/www.zmirov.com\/wp-content\/uploads\/2026\/04\/ImagePrincipale-3.webp);\"><\/div><div class=\"realizations-card__content\"><h3 class=\"realizations-card__title\">UNDIZ X AYA NAKAMURA<\/h3><div class=\"realizations-card__desc\"><p>Repositionnement de marque : Undiz X Aya Nakamura<\/p>\n<\/div><\/div><\/a><a href=\"https:\/\/www.zmirov.com\/en\/realization\/cas-decole-ikea-la-planete-est-notre-maison\/\" class=\"realizations-card\"><div class=\"realizations-card__bg\" style=\"background-image:url(https:\/\/www.zmirov.com\/wp-content\/uploads\/2026\/04\/Image4-2.webp);\"><\/div><div class=\"realizations-card__content\"><h3 class=\"realizations-card__title\">IKEA \u2013 LA PLAN\u00c8TE EST NOTRE MAISON<\/h3><div class=\"realizations-card__desc\"><p>Pop-up immersif : IKEA, La plan\u00e8te est notre maison<\/p>\n<\/div><\/div><\/a><a href=\"https:\/\/www.zmirov.com\/en\/realization\/cas-decole-ikea-x-virgil-abloh-markerad\/\" class=\"realizations-card\"><div class=\"realizations-card__bg\" style=\"background-image:url(https:\/\/www.zmirov.com\/wp-content\/uploads\/2026\/04\/ImagePincipale.webp);\"><\/div><div class=\"realizations-card__content\"><h3 class=\"realizations-card__title\">IKEA X VIRGIL ABLOH <\/h3><div class=\"realizations-card__desc\"><p>Lancement de collection : IKEA X VIRGIL ABLOH (MARKERAD)<\/p>\n<\/div><\/div><\/a><a href=\"https:\/\/www.zmirov.com\/en\/realization\/cas-decole-ikea-x-sabine-marcelis\/\" class=\"realizations-card\"><div class=\"realizations-card__bg\" style=\"background-image:url(https:\/\/www.zmirov.com\/wp-content\/uploads\/2026\/04\/ImagePrincipale.webp);\"><\/div><div class=\"realizations-card__content\"><h3 class=\"realizations-card__title\">IKEA X SABINE MARCELIS<\/h3><div class=\"realizations-card__desc\"><p>Pop-up immersif : IKEA x Sabine Marcelis<\/p>\n<\/div><\/div><\/a><a href=\"https:\/\/www.zmirov.com\/en\/realization\/cas-decole-eclo\/\" class=\"realizations-card\"><div class=\"realizations-card__bg\" style=\"background-image:url(https:\/\/www.zmirov.com\/wp-content\/uploads\/2026\/04\/Eclo-couv.webp);\"><\/div><div class=\"realizations-card__content\"><h3 class=\"realizations-card__title\">ECLO<\/h3><div class=\"realizations-card__desc\"><p>Lancement de marque : ECLO<\/p>\n<\/div><\/div><\/a><a href=\"https:\/\/www.zmirov.com\/en\/realization\/cas-decole-canon\/\" class=\"realizations-card\"><div class=\"realizations-card__bg\" style=\"background-image:url(https:\/\/www.zmirov.com\/wp-content\/uploads\/2026\/03\/world-scaled.webp);\"><\/div><div class=\"realizations-card__content\"><h3 class=\"realizations-card__title\">Canon World Unseen<\/h3><div class=\"realizations-card__desc\"><p>Activation brand content : Canon World Unseen<\/p>\n<\/div><\/div><\/a>    <\/div>\r\n    <script>\r\n    document.addEventListener('DOMContentLoaded', function() {\r\n        const filters = document.querySelectorAll('#zmirov-ajax-filters .filter-btn');\r\n        const container = document.getElementById('realizations-response');\r\n        filters.forEach(btn => {\r\n            btn.addEventListener('click', function(e) {\r\n                e.preventDefault();\r\n                filters.forEach(f => f.classList.remove('active'));\r\n                this.classList.add('active');\r\n                container.style.opacity = '0.3';\r\n                const formData = new FormData();\r\n                formData.append('action', 'filter_realizations');\r\n                formData.append('category', this.getAttribute('data-slug'));\r\n                fetch('https:\/\/www.zmirov.com\/wp-admin\/admin-ajax.php', { method: 'POST', body: formData })\r\n                .then(r => r.text()).then(html => { container.innerHTML = html; container.style.opacity = '1'; });\r\n            });\r\n        });\r\n    });\r\n    <\/script>\r\n    <\/div>\n\t\t\t\t\t\t<\/div>\n\t\t\t\t\t<\/div>\n\t\t\t\t<\/div>\n\t\t<div class=\"elementor-element elementor-element-b64bcfe e-flex e-con-boxed e-con e-parent\" data-id=\"b64bcfe\" data-element_type=\"container\" data-e-type=\"container\">\n\t\t\t\t\t<div class=\"e-con-inner\">\n\t\t<div class=\"elementor-element elementor-element-1f1d2d6 e-con-full e-flex e-con e-child\" data-id=\"1f1d2d6\" data-element_type=\"container\" data-e-type=\"container\">\n\t\t\t\t<div class=\"elementor-element elementor-element-482c06a elementor-widget__width-initial elementor-widget-mobile__width-inherit elementor-widget elementor-widget-heading\" data-id=\"482c06a\" data-element_type=\"widget\" data-e-type=\"widget\" data-widget_type=\"heading.default\">\n\t\t\t\t\t<h3 class=\"elementor-heading-title elementor-size-default\">Des marques, des mondes,  une m\u00e9thode<\/h3>\t\t\t\t<\/div>\n\t\t\t\t<div class=\"elementor-element elementor-element-8d43c2c elementor-widget elementor-widget-text-editor\" data-id=\"8d43c2c\" data-element_type=\"widget\" data-e-type=\"widget\" data-widget_type=\"text-editor.default\">\n\t\t\t\t\t\t\t\t\t<p>Mode, beaut\u00e9, food, sport, mobilit\u00e9, high-tech\u2026 nos \u00e9quipes \u00e9voluent au croisement des univers lifestyle et corporate.\u2028Cette diversit\u00e9 nourrit notre regard : comprendre les codes de chaque secteur pour mieux les d\u00e9tourner, connecter les marques \u00e0 leurs publics, et cr\u00e9er des r\u00e9cits qui r\u00e9sonnent, quel que soit le terrain de jeu.<\/p>\t\t\t\t\t\t\t\t<\/div>\n\t\t\t\t<div class=\"elementor-element elementor-element-1da000d elementor-align-left button-curves scroll-text-btn elementor-widget elementor-widget-button\" data-id=\"1da000d\" data-element_type=\"widget\" data-e-type=\"widget\" data-hover-text=\"Manifesto\" data-widget_type=\"button.default\">\n\t\t\t\t\t\t\t\t\t\t<a class=\"elementor-button elementor-button-link elementor-size-sm\" href=\"https:\/\/www.zmirov.com\/en\/contact\/\">\n\t\t\t\t\t\t<span class=\"elementor-button-content-wrapper\">\n\t\t\t\t\t\t\t\t\t<span class=\"elementor-button-text\">Nous contacter<\/span>\n\t\t\t\t\t<\/span>\n\t\t\t\t\t<\/a>\n\t\t\t\t\t\t\t\t<\/div>\n\t\t\t\t<\/div>\n\t\t\t\t\t<\/div>\n\t\t\t\t<\/div>\n\t\t\t\t<\/div>","protected":false},"excerpt":{"rendered":"<p>Nos r\u00e9alisations Chaque collaboration est une rencontre entre une id\u00e9e, une marque et un contexte. Nous concevons des dispositifs qui font sens, marquent leur \u00e9poque et nourrissent l\u2019image. Derri\u00e8re chaque projet : une strat\u00e9gie claire, une ex\u00e9cution juste et une ambition partag\u00e9e. Nos r\u00e9compenses Des marques, des mondes, une m\u00e9thode Mode, beaut\u00e9, food, sport, mobilit\u00e9, [&hellip;]<\/p>\n","protected":false},"author":1,"featured_media":0,"parent":0,"menu_order":0,"comment_status":"closed","ping_status":"closed","template":"elementor_header_footer","meta":{"_acf_changed":false,"footnotes":""},"class_list":["post-1712","page","type-page","status-publish","hentry"],"acf":[],"yoast_head":"<!-- This site is optimized with the Yoast SEO plugin v27.4 - https:\/\/yoast.com\/product\/yoast-seo-wordpress\/ -->\n<title>R\u00e9alisations - Zmirov<\/title>\n<meta name=\"robots\" content=\"index, follow, max-snippet:-1, max-image-preview:large, max-video-preview:-1\" \/>\n<link rel=\"canonical\" href=\"https:\/\/www.zmirov.com\/en\/realisations\/\" \/>\n<meta property=\"og:locale\" content=\"en_US\" \/>\n<meta property=\"og:type\" content=\"article\" \/>\n<meta property=\"og:title\" content=\"R\u00e9alisations - Zmirov\" \/>\n<meta property=\"og:description\" content=\"Nos r\u00e9alisations Chaque collaboration est une rencontre entre une id\u00e9e, une marque et un contexte. Nous concevons des dispositifs qui font sens, marquent leur \u00e9poque et nourrissent l\u2019image. Derri\u00e8re chaque projet : une strat\u00e9gie claire, une ex\u00e9cution juste et une ambition partag\u00e9e. Nos r\u00e9compenses Des marques, des mondes, une m\u00e9thode Mode, beaut\u00e9, food, sport, mobilit\u00e9, [&hellip;]\" \/>\n<meta property=\"og:url\" content=\"https:\/\/www.zmirov.com\/en\/realisations\/\" \/>\n<meta property=\"og:site_name\" content=\"Zmirov\" \/>\n<meta property=\"article:modified_time\" content=\"2026-03-19T17:26:49+00:00\" \/>\n<meta name=\"twitter:card\" content=\"summary_large_image\" \/>\n<meta name=\"twitter:label1\" content=\"Est. reading time\" \/>\n\t<meta name=\"twitter:data1\" content=\"1 minute\" \/>\n<script type=\"application\/ld+json\" class=\"yoast-schema-graph\">{\"@context\":\"https:\\\/\\\/schema.org\",\"@graph\":[{\"@type\":\"WebPage\",\"@id\":\"https:\\\/\\\/www.zmirov.com\\\/realisations\\\/\",\"url\":\"https:\\\/\\\/www.zmirov.com\\\/realisations\\\/\",\"name\":\"R\u00e9alisations - Zmirov\",\"isPartOf\":{\"@id\":\"https:\\\/\\\/www.zmirov.com\\\/#website\"},\"datePublished\":\"2025-11-12T17:04:06+00:00\",\"dateModified\":\"2026-03-19T17:26:49+00:00\",\"breadcrumb\":{\"@id\":\"https:\\\/\\\/www.zmirov.com\\\/realisations\\\/#breadcrumb\"},\"inLanguage\":\"en-US\",\"potentialAction\":[{\"@type\":\"ReadAction\",\"target\":[\"https:\\\/\\\/www.zmirov.com\\\/realisations\\\/\"]}]},{\"@type\":\"BreadcrumbList\",\"@id\":\"https:\\\/\\\/www.zmirov.com\\\/realisations\\\/#breadcrumb\",\"itemListElement\":[{\"@type\":\"ListItem\",\"position\":1,\"name\":\"Home\",\"item\":\"https:\\\/\\\/www.zmirov.com\\\/\"},{\"@type\":\"ListItem\",\"position\":2,\"name\":\"R\u00e9alisations\"}]},{\"@type\":\"WebSite\",\"@id\":\"https:\\\/\\\/www.zmirov.com\\\/#website\",\"url\":\"https:\\\/\\\/www.zmirov.com\\\/\",\"name\":\"Zmirov\",\"description\":\"\",\"publisher\":{\"@id\":\"https:\\\/\\\/www.zmirov.com\\\/#organization\"},\"potentialAction\":[{\"@type\":\"SearchAction\",\"target\":{\"@type\":\"EntryPoint\",\"urlTemplate\":\"https:\\\/\\\/www.zmirov.com\\\/?s={search_term_string}\"},\"query-input\":{\"@type\":\"PropertyValueSpecification\",\"valueRequired\":true,\"valueName\":\"search_term_string\"}}],\"inLanguage\":\"en-US\"},{\"@type\":\"Organization\",\"@id\":\"https:\\\/\\\/www.zmirov.com\\\/#organization\",\"name\":\"Zmirov\",\"url\":\"https:\\\/\\\/www.zmirov.com\\\/\",\"logo\":{\"@type\":\"ImageObject\",\"inLanguage\":\"en-US\",\"@id\":\"https:\\\/\\\/www.zmirov.com\\\/#\\\/schema\\\/logo\\\/image\\\/\",\"url\":\"https:\\\/\\\/www.zmirov.com\\\/wp-content\\\/uploads\\\/2025\\\/11\\\/Vector-1_11zon.webp\",\"contentUrl\":\"https:\\\/\\\/www.zmirov.com\\\/wp-content\\\/uploads\\\/2025\\\/11\\\/Vector-1_11zon.webp\",\"width\":760,\"height\":96,\"caption\":\"Zmirov\"},\"image\":{\"@id\":\"https:\\\/\\\/www.zmirov.com\\\/#\\\/schema\\\/logo\\\/image\\\/\"}}]}<\/script>\n<!-- \/ Yoast SEO plugin. -->","yoast_head_json":{"title":"R\u00e9alisations - Zmirov","robots":{"index":"index","follow":"follow","max-snippet":"max-snippet:-1","max-image-preview":"max-image-preview:large","max-video-preview":"max-video-preview:-1"},"canonical":"https:\/\/www.zmirov.com\/en\/realisations\/","og_locale":"en_US","og_type":"article","og_title":"R\u00e9alisations - Zmirov","og_description":"Nos r\u00e9alisations Chaque collaboration est une rencontre entre une id\u00e9e, une marque et un contexte. Nous concevons des dispositifs qui font sens, marquent leur \u00e9poque et nourrissent l\u2019image. Derri\u00e8re chaque projet : une strat\u00e9gie claire, une ex\u00e9cution juste et une ambition partag\u00e9e. Nos r\u00e9compenses Des marques, des mondes, une m\u00e9thode Mode, beaut\u00e9, food, sport, mobilit\u00e9, [&hellip;]","og_url":"https:\/\/www.zmirov.com\/en\/realisations\/","og_site_name":"Zmirov","article_modified_time":"2026-03-19T17:26:49+00:00","twitter_card":"summary_large_image","twitter_misc":{"Est. reading time":"1 minute"},"schema":{"@context":"https:\/\/schema.org","@graph":[{"@type":"WebPage","@id":"https:\/\/www.zmirov.com\/realisations\/","url":"https:\/\/www.zmirov.com\/realisations\/","name":"R\u00e9alisations - Zmirov","isPartOf":{"@id":"https:\/\/www.zmirov.com\/#website"},"datePublished":"2025-11-12T17:04:06+00:00","dateModified":"2026-03-19T17:26:49+00:00","breadcrumb":{"@id":"https:\/\/www.zmirov.com\/realisations\/#breadcrumb"},"inLanguage":"en-US","potentialAction":[{"@type":"ReadAction","target":["https:\/\/www.zmirov.com\/realisations\/"]}]},{"@type":"BreadcrumbList","@id":"https:\/\/www.zmirov.com\/realisations\/#breadcrumb","itemListElement":[{"@type":"ListItem","position":1,"name":"Home","item":"https:\/\/www.zmirov.com\/"},{"@type":"ListItem","position":2,"name":"R\u00e9alisations"}]},{"@type":"WebSite","@id":"https:\/\/www.zmirov.com\/#website","url":"https:\/\/www.zmirov.com\/","name":"Zmirov","description":"","publisher":{"@id":"https:\/\/www.zmirov.com\/#organization"},"potentialAction":[{"@type":"SearchAction","target":{"@type":"EntryPoint","urlTemplate":"https:\/\/www.zmirov.com\/?s={search_term_string}"},"query-input":{"@type":"PropertyValueSpecification","valueRequired":true,"valueName":"search_term_string"}}],"inLanguage":"en-US"},{"@type":"Organization","@id":"https:\/\/www.zmirov.com\/#organization","name":"Zmirov","url":"https:\/\/www.zmirov.com\/","logo":{"@type":"ImageObject","inLanguage":"en-US","@id":"https:\/\/www.zmirov.com\/#\/schema\/logo\/image\/","url":"https:\/\/www.zmirov.com\/wp-content\/uploads\/2025\/11\/Vector-1_11zon.webp","contentUrl":"https:\/\/www.zmirov.com\/wp-content\/uploads\/2025\/11\/Vector-1_11zon.webp","width":760,"height":96,"caption":"Zmirov"},"image":{"@id":"https:\/\/www.zmirov.com\/#\/schema\/logo\/image\/"}}]}},"_links":{"self":[{"href":"https:\/\/www.zmirov.com\/en\/wp-json\/wp\/v2\/pages\/1712","targetHints":{"allow":["GET"]}}],"collection":[{"href":"https:\/\/www.zmirov.com\/en\/wp-json\/wp\/v2\/pages"}],"about":[{"href":"https:\/\/www.zmirov.com\/en\/wp-json\/wp\/v2\/types\/page"}],"author":[{"embeddable":true,"href":"https:\/\/www.zmirov.com\/en\/wp-json\/wp\/v2\/users\/1"}],"replies":[{"embeddable":true,"href":"https:\/\/www.zmirov.com\/en\/wp-json\/wp\/v2\/comments?post=1712"}],"version-history":[{"count":0,"href":"https:\/\/www.zmirov.com\/en\/wp-json\/wp\/v2\/pages\/1712\/revisions"}],"wp:attachment":[{"href":"https:\/\/www.zmirov.com\/en\/wp-json\/wp\/v2\/media?parent=1712"}],"curies":[{"name":"wp","href":"https:\/\/api.w.org\/{rel}","templated":true}]}}