{"id":9414,"date":"2026-04-23T16:58:40","date_gmt":"2026-04-23T16:58:40","guid":{"rendered":"https:\/\/www.zmirov.com\/?page_id=9414"},"modified":"2026-04-23T17:05:05","modified_gmt":"2026-04-23T17:05:05","slug":"mentions-legales","status":"publish","type":"page","link":"https:\/\/www.zmirov.com\/en\/mentions-legales\/","title":{"rendered":"Mentions l\u00e9gales"},"content":{"rendered":"\t\t<div data-elementor-type=\"wp-page\" data-elementor-id=\"9414\" class=\"elementor elementor-9414\" data-elementor-post-type=\"page\">\n\t\t\t\t<div class=\"elementor-element elementor-element-c249459 e-flex e-con-boxed e-con e-parent\" data-id=\"c249459\" data-element_type=\"container\" data-e-type=\"container\">\n\t\t\t\t\t<div class=\"e-con-inner\">\n\t\t<div class=\"elementor-element elementor-element-34b8180 e-con-full e-flex e-con e-child\" data-id=\"34b8180\" data-element_type=\"container\" data-e-type=\"container\">\n\t\t\t\t<div class=\"elementor-element elementor-element-f45f970 elementor-widget elementor-widget-heading\" data-id=\"f45f970\" data-element_type=\"widget\" data-e-type=\"widget\" data-widget_type=\"heading.default\">\n\t\t\t\t\t<h1 class=\"elementor-heading-title elementor-size-default\">Mentions l\u00e9gales<\/h1>\t\t\t\t<\/div>\n\t\t\t\t<\/div>\n\t\t<div class=\"elementor-element elementor-element-9c72e03 e-con-full e-flex e-con e-child\" data-id=\"9c72e03\" data-element_type=\"container\" data-e-type=\"container\">\n\t\t<div class=\"elementor-element elementor-element-ff4129e e-con-full e-flex e-con e-child\" data-id=\"ff4129e\" data-element_type=\"container\" data-e-type=\"container\">\n\t\t<div class=\"elementor-element elementor-element-b020c7f e-con-full e-flex e-con e-child\" data-id=\"b020c7f\" data-element_type=\"container\" data-e-type=\"container\">\n\t\t\t\t<div class=\"elementor-element elementor-element-b8cfd43 elementor-widget elementor-widget-text-editor\" data-id=\"b8cfd43\" data-element_type=\"widget\" data-e-type=\"widget\" data-widget_type=\"text-editor.default\">\n\t\t\t\t\t\t\t\t\t1 \u2013 Informations L\u00e9gales\t\t\t\t\t\t\t\t<\/div>\n\t\t\t\t<div class=\"elementor-element elementor-element-75ae332 elementor-widget-mobile__width-inherit elementor-widget elementor-widget-text-editor\" data-id=\"75ae332\" data-element_type=\"widget\" data-e-type=\"widget\" data-widget_type=\"text-editor.default\">\n\t\t\t\t\t\t\t\t\t<p>Le site zmirov.com que vous consultez actuellement est la propri\u00e9t\u00e9 de :<\/p><p><strong>Zmirov Communication<\/strong><\/p><p>66 rue Jean-Jacques Rousseau \u2013 75001 PARIS<\/p><p>Soci\u00e9t\u00e9 par Actions Simplifi\u00e9es<\/p><p>Capital de 40\u00a0000 euros<\/p><p>Inscrit au RSC de Paris sous le num\u00e9ro 350\u00a0599\u00a0932<\/p><p>Code APE 7311Z<\/p><p>Directeur de la publication : David Zmirov<\/p>\t\t\t\t\t\t\t\t<\/div>\n\t\t\t\t<\/div>\n\t\t<div class=\"elementor-element elementor-element-e589ec3 e-con-full e-flex e-con e-child\" data-id=\"e589ec3\" data-element_type=\"container\" data-e-type=\"container\">\n\t\t\t\t<div class=\"elementor-element elementor-element-74cdf29 elementor-widget elementor-widget-text-editor\" data-id=\"74cdf29\" data-element_type=\"widget\" data-e-type=\"widget\" data-widget_type=\"text-editor.default\">\n\t\t\t\t\t\t\t\t\t2 \u2013 Donn\u00e9es Personnelles\n\t\t\t\t\t\t\t\t<\/div>\n\t\t\t\t<div class=\"elementor-element elementor-element-7402164 elementor-widget-mobile__width-inherit elementor-widget elementor-widget-text-editor\" data-id=\"7402164\" data-element_type=\"widget\" data-e-type=\"widget\" data-widget_type=\"text-editor.default\">\n\t\t\t\t\t\t\t\t\t<p>Conform\u00e9ment \u00e0 la loi Informatique et Libert\u00e9s du 6 Janvier 1978, vous disposez d\u2019un droit d\u2019acc\u00e8s, de rectification, de modification et de suppression des donn\u00e9es personnelles que vous nous avez communiqu\u00e9es. Vous pouvez exercer ce droit en envoyant un courrier \u00e0 : info [at] zmirov.com<\/p><p>Si vous \u00eates abonn\u00e9s \u00e0 des services d\u2019information par courrier \u00e9lectronique (\u00ab newsletter \u00bb), vous pouvez demander \u00e0 ne plus recevoir ces courriers soit comme indiqu\u00e9 ci-dessus, soit en suivant les instructions figurant en fin de chacun de ces courriers, lorsque vous les recevez.<\/p>\t\t\t\t\t\t\t\t<\/div>\n\t\t\t\t<\/div>\n\t\t<div class=\"elementor-element elementor-element-911f319 e-con-full e-flex e-con e-child\" data-id=\"911f319\" data-element_type=\"container\" data-e-type=\"container\">\n\t\t\t\t<div class=\"elementor-element elementor-element-29a52e4 elementor-widget elementor-widget-text-editor\" data-id=\"29a52e4\" data-element_type=\"widget\" data-e-type=\"widget\" data-widget_type=\"text-editor.default\">\n\t\t\t\t\t\t\t\t\t3 \u2013 Propri\u00e9t\u00e9 Intellectuelle\t\t\t\t\t\t\t\t<\/div>\n\t\t\t\t<div class=\"elementor-element elementor-element-79ea53e elementor-widget-mobile__width-inherit elementor-widget elementor-widget-text-editor\" data-id=\"79ea53e\" data-element_type=\"widget\" data-e-type=\"widget\" data-widget_type=\"text-editor.default\">\n\t\t\t\t\t\t\t\t\tL\u2019acc\u00e8s au site www.zmirov.com vous conf\u00e8re un droit d\u2019usage priv\u00e9 et non exclusif de ce site. Tous les articles, photographies et autres documents sur ce site sont la propri\u00e9t\u00e9 de la soci\u00e9t\u00e9 Zmirov Communication, ou sont reproduits avec l\u2019autorisation de leurs propri\u00e9taires, et sont soumis au droit d\u2019auteur et autres droits de propri\u00e9t\u00e9 intellectuelle. L\u2019utilisation frauduleuse de tout contenu du site Internet est totalement interdite. Zmirov Communication vous informe qu\u2019il usera largement de ses droits de propri\u00e9t\u00e9 intellectuelle pour engager des poursuites, m\u00eames p\u00e9nales, si n\u00e9cessaires.\n\n\t\t\t\t\t\t\t\t<\/div>\n\t\t\t\t<\/div>\n\t\t<div class=\"elementor-element elementor-element-d07602d e-con-full e-flex e-con e-child\" data-id=\"d07602d\" data-element_type=\"container\" data-e-type=\"container\">\n\t\t\t\t<div class=\"elementor-element elementor-element-119e29d elementor-widget elementor-widget-text-editor\" data-id=\"119e29d\" data-element_type=\"widget\" data-e-type=\"widget\" data-widget_type=\"text-editor.default\">\n\t\t\t\t\t\t\t\t\t4 \u2013 Cookies\n\t\t\t\t\t\t\t\t<\/div>\n\t\t\t\t<div class=\"elementor-element elementor-element-29facff elementor-widget-mobile__width-inherit elementor-widget elementor-widget-text-editor\" data-id=\"29facff\" data-element_type=\"widget\" data-e-type=\"widget\" data-widget_type=\"text-editor.default\">\n\t\t\t\t\t\t\t\t\tLe site www.zmirov.com peut \u00eatre amen\u00e9 \u00e0 utiliser des cookies.\n\nUn cookie est un fichier de faible taille contenant des donn\u00e9es transmis par le serveur d\u2019un serveur http au navigateur de l\u2019Utilisateur et stock\u00e9 sur son disque dur : enregistrement des informations relatives \u00e0 la navigation qui pourront \u00eatre lues lors de visites ult\u00e9rieures. Un cookie ne permet donc pas d\u2019identifier l\u2019Utilisateur.\n\nPar contre, l\u2019Utilisateur peut s\u2019opposer \u00e0 l\u2019enregistrement de cookies, ou \u00eatre pr\u00e9venu avant d\u2019accepter les cookies, en configurant son navigateur internet (par exemple : Mozilla et Internet Explorer).\t\t\t\t\t\t\t\t<\/div>\n\t\t\t\t<\/div>\n\t\t<div class=\"elementor-element elementor-element-ed8310b e-con-full e-flex e-con e-child\" data-id=\"ed8310b\" data-element_type=\"container\" data-e-type=\"container\">\n\t\t\t\t<div class=\"elementor-element elementor-element-6dafcb0 elementor-widget elementor-widget-text-editor\" data-id=\"6dafcb0\" data-element_type=\"widget\" data-e-type=\"widget\" data-widget_type=\"text-editor.default\">\n\t\t\t\t\t\t\t\t\t5 \u2013 Liens vers d\u2019autres sites\n\t\t\t\t\t\t\t\t<\/div>\n\t\t\t\t<div class=\"elementor-element elementor-element-31fc205 elementor-widget-mobile__width-inherit elementor-widget elementor-widget-text-editor\" data-id=\"31fc205\" data-element_type=\"widget\" data-e-type=\"widget\" data-widget_type=\"text-editor.default\">\n\t\t\t\t\t\t\t\t\tZmirov Communication propose sur son site www.zmirov.com des liens vers des sites tiers. Ces liens sont \u00e9tablis en accord avec les sites concern\u00e9s \u00e0 un moment o\u00f9 Zmirov Communication a pu juger opportun de le faire, compte tenu des contenus et services de ces sites. Zmirov Communication ne pourra \u00eatre tenu responsable du contenu de ces sites et de l\u2019usage qui pourra en \u00eatre fait par les utilisateurs.\n\n\t\t\t\t\t\t\t\t<\/div>\n\t\t\t\t<\/div>\n\t\t<div class=\"elementor-element elementor-element-d9f25ec e-con-full e-flex e-con e-child\" data-id=\"d9f25ec\" data-element_type=\"container\" data-e-type=\"container\">\n\t\t\t\t<div class=\"elementor-element elementor-element-eeeb54b elementor-widget elementor-widget-text-editor\" data-id=\"eeeb54b\" data-element_type=\"widget\" data-e-type=\"widget\" data-widget_type=\"text-editor.default\">\n\t\t\t\t\t\t\t\t\t6 \u2013 Indisponibilit\u00e9 du site\n\t\t\t\t\t\t\t\t<\/div>\n\t\t\t\t<div class=\"elementor-element elementor-element-6f982d4 elementor-widget-mobile__width-inherit elementor-widget elementor-widget-text-editor\" data-id=\"6f982d4\" data-element_type=\"widget\" data-e-type=\"widget\" data-widget_type=\"text-editor.default\">\n\t\t\t\t\t\t\t\t\tZmirov Communication s\u2019engage \u00e0 faire ses meilleurs efforts pour assurer aux utilisateurs une accessibilit\u00e9 du site \u00e0 tout moment. Zmirov Communication ne pourra \u00eatre tenu responsable, en cas d\u2019indisponibilit\u00e9 du site, pour quelque cause que ce soit.\n\n\t\t\t\t\t\t\t\t<\/div>\n\t\t\t\t<\/div>\n\t\t\t\t<\/div>\n\t\t\t\t<\/div>\n\t\t\t\t\t<\/div>\n\t\t\t\t<\/div>\n\t\t\t\t<\/div>\n\t\t","protected":false},"excerpt":{"rendered":"<p>Mentions l\u00e9gales 1 \u2013 Informations L\u00e9gales Le site zmirov.com que vous consultez actuellement est la propri\u00e9t\u00e9 de : Zmirov Communication 66 rue Jean-Jacques Rousseau \u2013 75001 PARIS Soci\u00e9t\u00e9 par Actions Simplifi\u00e9es Capital de 40\u00a0000 euros Inscrit au RSC de Paris sous le num\u00e9ro 350\u00a0599\u00a0932 Code APE 7311Z Directeur de la publication : David Zmirov 2 [&hellip;]<\/p>\n","protected":false},"author":2,"featured_media":0,"parent":0,"menu_order":0,"comment_status":"closed","ping_status":"closed","template":"elementor_header_footer","meta":{"_acf_changed":false,"footnotes":""},"class_list":["post-9414","page","type-page","status-publish","hentry"],"acf":[],"yoast_head":"<!-- This site is optimized with the Yoast SEO plugin v27.4 - https:\/\/yoast.com\/product\/yoast-seo-wordpress\/ -->\n<title>Mentions l\u00e9gales - Zmirov<\/title>\n<meta name=\"robots\" content=\"index, follow, max-snippet:-1, max-image-preview:large, max-video-preview:-1\" \/>\n<link rel=\"canonical\" href=\"https:\/\/www.zmirov.com\/en\/mentions-legales\/\" \/>\n<meta property=\"og:locale\" content=\"en_US\" \/>\n<meta property=\"og:type\" content=\"article\" \/>\n<meta property=\"og:title\" content=\"Mentions l\u00e9gales - Zmirov\" \/>\n<meta property=\"og:description\" content=\"Mentions l\u00e9gales 1 \u2013 Informations L\u00e9gales Le site zmirov.com que vous consultez actuellement est la propri\u00e9t\u00e9 de : Zmirov Communication 66 rue Jean-Jacques Rousseau \u2013 75001 PARIS Soci\u00e9t\u00e9 par Actions Simplifi\u00e9es Capital de 40\u00a0000 euros Inscrit au RSC de Paris sous le num\u00e9ro 350\u00a0599\u00a0932 Code APE 7311Z Directeur de la publication : David Zmirov 2 [&hellip;]\" \/>\n<meta property=\"og:url\" content=\"https:\/\/www.zmirov.com\/en\/mentions-legales\/\" \/>\n<meta property=\"og:site_name\" content=\"Zmirov\" \/>\n<meta property=\"article:publisher\" content=\"https:\/\/www.facebook.com\/zmirov\/?locale=fr_FR\" \/>\n<meta property=\"article:modified_time\" content=\"2026-04-23T17:05:05+00:00\" \/>\n<meta name=\"twitter:card\" content=\"summary_large_image\" \/>\n<meta name=\"twitter:site\" content=\"@Zmirov\" \/>\n<meta name=\"twitter:label1\" content=\"Est. reading time\" \/>\n\t<meta name=\"twitter:data1\" content=\"2 minutes\" \/>\n<script type=\"application\/ld+json\" class=\"yoast-schema-graph\">{\"@context\":\"https:\\\/\\\/schema.org\",\"@graph\":[{\"@type\":\"WebPage\",\"@id\":\"https:\\\/\\\/www.zmirov.com\\\/mentions-legales\\\/\",\"url\":\"https:\\\/\\\/www.zmirov.com\\\/mentions-legales\\\/\",\"name\":\"Mentions l\u00e9gales - Zmirov\",\"isPartOf\":{\"@id\":\"https:\\\/\\\/www.zmirov.com\\\/#website\"},\"datePublished\":\"2026-04-23T16:58:40+00:00\",\"dateModified\":\"2026-04-23T17:05:05+00:00\",\"breadcrumb\":{\"@id\":\"https:\\\/\\\/www.zmirov.com\\\/mentions-legales\\\/#breadcrumb\"},\"inLanguage\":\"en-US\",\"potentialAction\":[{\"@type\":\"ReadAction\",\"target\":[\"https:\\\/\\\/www.zmirov.com\\\/mentions-legales\\\/\"]}]},{\"@type\":\"BreadcrumbList\",\"@id\":\"https:\\\/\\\/www.zmirov.com\\\/mentions-legales\\\/#breadcrumb\",\"itemListElement\":[{\"@type\":\"ListItem\",\"position\":1,\"name\":\"Home\",\"item\":\"https:\\\/\\\/www.zmirov.com\\\/\"},{\"@type\":\"ListItem\",\"position\":2,\"name\":\"Mentions l\u00e9gales\"}]},{\"@type\":\"WebSite\",\"@id\":\"https:\\\/\\\/www.zmirov.com\\\/#website\",\"url\":\"https:\\\/\\\/www.zmirov.com\\\/\",\"name\":\"Zmirov\",\"description\":\"\",\"publisher\":{\"@id\":\"https:\\\/\\\/www.zmirov.com\\\/#organization\"},\"potentialAction\":[{\"@type\":\"SearchAction\",\"target\":{\"@type\":\"EntryPoint\",\"urlTemplate\":\"https:\\\/\\\/www.zmirov.com\\\/?s={search_term_string}\"},\"query-input\":{\"@type\":\"PropertyValueSpecification\",\"valueRequired\":true,\"valueName\":\"search_term_string\"}}],\"inLanguage\":\"en-US\"},{\"@type\":\"Organization\",\"@id\":\"https:\\\/\\\/www.zmirov.com\\\/#organization\",\"name\":\"Zmirov Communication\",\"url\":\"https:\\\/\\\/www.zmirov.com\\\/\",\"logo\":{\"@type\":\"ImageObject\",\"inLanguage\":\"en-US\",\"@id\":\"https:\\\/\\\/www.zmirov.com\\\/#\\\/schema\\\/logo\\\/image\\\/\",\"url\":\"https:\\\/\\\/www.zmirov.com\\\/wp-content\\\/uploads\\\/2025\\\/11\\\/Vector-1_11zon.webp\",\"contentUrl\":\"https:\\\/\\\/www.zmirov.com\\\/wp-content\\\/uploads\\\/2025\\\/11\\\/Vector-1_11zon.webp\",\"width\":760,\"height\":96,\"caption\":\"Zmirov Communication\"},\"image\":{\"@id\":\"https:\\\/\\\/www.zmirov.com\\\/#\\\/schema\\\/logo\\\/image\\\/\"},\"sameAs\":[\"https:\\\/\\\/www.facebook.com\\\/zmirov\\\/?locale=fr_FR\",\"https:\\\/\\\/x.com\\\/Zmirov\",\"https:\\\/\\\/fr.linkedin.com\\\/company\\\/zmirov-communication\"]}]}<\/script>\n<!-- \/ Yoast SEO plugin. -->","yoast_head_json":{"title":"Mentions l\u00e9gales - Zmirov","robots":{"index":"index","follow":"follow","max-snippet":"max-snippet:-1","max-image-preview":"max-image-preview:large","max-video-preview":"max-video-preview:-1"},"canonical":"https:\/\/www.zmirov.com\/en\/mentions-legales\/","og_locale":"en_US","og_type":"article","og_title":"Mentions l\u00e9gales - Zmirov","og_description":"Mentions l\u00e9gales 1 \u2013 Informations L\u00e9gales Le site zmirov.com que vous consultez actuellement est la propri\u00e9t\u00e9 de : Zmirov Communication 66 rue Jean-Jacques Rousseau \u2013 75001 PARIS Soci\u00e9t\u00e9 par Actions Simplifi\u00e9es Capital de 40\u00a0000 euros Inscrit au RSC de Paris sous le num\u00e9ro 350\u00a0599\u00a0932 Code APE 7311Z Directeur de la publication : David Zmirov 2 [&hellip;]","og_url":"https:\/\/www.zmirov.com\/en\/mentions-legales\/","og_site_name":"Zmirov","article_publisher":"https:\/\/www.facebook.com\/zmirov\/?locale=fr_FR","article_modified_time":"2026-04-23T17:05:05+00:00","twitter_card":"summary_large_image","twitter_site":"@Zmirov","twitter_misc":{"Est. reading time":"2 minutes"},"schema":{"@context":"https:\/\/schema.org","@graph":[{"@type":"WebPage","@id":"https:\/\/www.zmirov.com\/mentions-legales\/","url":"https:\/\/www.zmirov.com\/mentions-legales\/","name":"Mentions l\u00e9gales - Zmirov","isPartOf":{"@id":"https:\/\/www.zmirov.com\/#website"},"datePublished":"2026-04-23T16:58:40+00:00","dateModified":"2026-04-23T17:05:05+00:00","breadcrumb":{"@id":"https:\/\/www.zmirov.com\/mentions-legales\/#breadcrumb"},"inLanguage":"en-US","potentialAction":[{"@type":"ReadAction","target":["https:\/\/www.zmirov.com\/mentions-legales\/"]}]},{"@type":"BreadcrumbList","@id":"https:\/\/www.zmirov.com\/mentions-legales\/#breadcrumb","itemListElement":[{"@type":"ListItem","position":1,"name":"Home","item":"https:\/\/www.zmirov.com\/"},{"@type":"ListItem","position":2,"name":"Mentions l\u00e9gales"}]},{"@type":"WebSite","@id":"https:\/\/www.zmirov.com\/#website","url":"https:\/\/www.zmirov.com\/","name":"Zmirov","description":"","publisher":{"@id":"https:\/\/www.zmirov.com\/#organization"},"potentialAction":[{"@type":"SearchAction","target":{"@type":"EntryPoint","urlTemplate":"https:\/\/www.zmirov.com\/?s={search_term_string}"},"query-input":{"@type":"PropertyValueSpecification","valueRequired":true,"valueName":"search_term_string"}}],"inLanguage":"en-US"},{"@type":"Organization","@id":"https:\/\/www.zmirov.com\/#organization","name":"Zmirov Communication","url":"https:\/\/www.zmirov.com\/","logo":{"@type":"ImageObject","inLanguage":"en-US","@id":"https:\/\/www.zmirov.com\/#\/schema\/logo\/image\/","url":"https:\/\/www.zmirov.com\/wp-content\/uploads\/2025\/11\/Vector-1_11zon.webp","contentUrl":"https:\/\/www.zmirov.com\/wp-content\/uploads\/2025\/11\/Vector-1_11zon.webp","width":760,"height":96,"caption":"Zmirov Communication"},"image":{"@id":"https:\/\/www.zmirov.com\/#\/schema\/logo\/image\/"},"sameAs":["https:\/\/www.facebook.com\/zmirov\/?locale=fr_FR","https:\/\/x.com\/Zmirov","https:\/\/fr.linkedin.com\/company\/zmirov-communication"]}]}},"_links":{"self":[{"href":"https:\/\/www.zmirov.com\/en\/wp-json\/wp\/v2\/pages\/9414","targetHints":{"allow":["GET"]}}],"collection":[{"href":"https:\/\/www.zmirov.com\/en\/wp-json\/wp\/v2\/pages"}],"about":[{"href":"https:\/\/www.zmirov.com\/en\/wp-json\/wp\/v2\/types\/page"}],"author":[{"embeddable":true,"href":"https:\/\/www.zmirov.com\/en\/wp-json\/wp\/v2\/users\/2"}],"replies":[{"embeddable":true,"href":"https:\/\/www.zmirov.com\/en\/wp-json\/wp\/v2\/comments?post=9414"}],"version-history":[{"count":7,"href":"https:\/\/www.zmirov.com\/en\/wp-json\/wp\/v2\/pages\/9414\/revisions"}],"predecessor-version":[{"id":9424,"href":"https:\/\/www.zmirov.com\/en\/wp-json\/wp\/v2\/pages\/9414\/revisions\/9424"}],"wp:attachment":[{"href":"https:\/\/www.zmirov.com\/en\/wp-json\/wp\/v2\/media?parent=9414"}],"curies":[{"name":"wp","href":"https:\/\/api.w.org\/{rel}","templated":true}]}}