{"id":9560,"date":"2026-05-11T11:27:29","date_gmt":"2026-05-11T11:27:29","guid":{"rendered":"https:\/\/www.zmirov.com\/?page_id=9560"},"modified":"2026-05-11T11:28:56","modified_gmt":"2026-05-11T11:28:56","slug":"accessibilite","status":"publish","type":"page","link":"https:\/\/www.zmirov.com\/en\/accessibilite\/","title":{"rendered":"Accessibility"},"content":{"rendered":"<div data-elementor-type=\"wp-page\" data-elementor-id=\"9560\" class=\"elementor elementor-9560\" data-elementor-post-type=\"page\">\n\t\t\t\t<div class=\"elementor-element elementor-element-c249459 e-flex e-con-boxed e-con e-parent\" data-id=\"c249459\" data-element_type=\"container\" data-e-type=\"container\">\n\t\t\t\t\t<div class=\"e-con-inner\">\n\t\t<div class=\"elementor-element elementor-element-34b8180 e-con-full e-flex e-con e-child\" data-id=\"34b8180\" data-element_type=\"container\" data-e-type=\"container\">\n\t\t\t\t<div class=\"elementor-element elementor-element-f45f970 elementor-widget elementor-widget-heading\" data-id=\"f45f970\" data-element_type=\"widget\" data-e-type=\"widget\" data-widget_type=\"heading.default\">\n\t\t\t\t\t<h1 class=\"elementor-heading-title elementor-size-default\">Mentions l\u00e9gales<\/h1>\t\t\t\t<\/div>\n\t\t\t\t<\/div>\n\t\t<div class=\"elementor-element elementor-element-9c72e03 e-con-full e-flex e-con e-child\" data-id=\"9c72e03\" data-element_type=\"container\" data-e-type=\"container\">\n\t\t<div class=\"elementor-element elementor-element-ff4129e e-con-full e-flex e-con e-child\" data-id=\"ff4129e\" data-element_type=\"container\" data-e-type=\"container\">\n\t\t<div class=\"elementor-element elementor-element-b020c7f e-con-full e-flex e-con e-child\" data-id=\"b020c7f\" data-element_type=\"container\" data-e-type=\"container\">\n\t\t\t\t<div class=\"elementor-element elementor-element-b8cfd43 elementor-widget elementor-widget-text-editor\" data-id=\"b8cfd43\" data-element_type=\"widget\" data-e-type=\"widget\" data-widget_type=\"text-editor.default\">\n\t\t\t\t\t\t\t\t\t<p>Politique d&rsquo;accessibilit\u00e9<\/p>\t\t\t\t\t\t\t\t<\/div>\n\t\t\t\t<div class=\"elementor-element elementor-element-75ae332 elementor-widget-mobile__width-inherit elementor-widget elementor-widget-text-editor\" data-id=\"75ae332\" data-element_type=\"widget\" data-e-type=\"widget\" data-widget_type=\"text-editor.default\">\n\t\t\t\t\t\t\t\t\t<p>ZMIROV COMMUNICATION s&rsquo;engage \u00e0 rendre son site zmirov.com accessible au plus grand nombre, conform\u00e9ment aux recommandations du R\u00e9f\u00e9rentiel G\u00e9n\u00e9ral d&rsquo;Am\u00e9lioration de l&rsquo;Accessibilit\u00e9 (RGAA 4.1).<\/p><p>\u00c9tat de conformit\u00e9<\/p><p>Le site zmirov.com est actuellement en conformit\u00e9 partielle avec le RGAA 4.1. Des travaux d&rsquo;am\u00e9lioration sont en cours afin d&rsquo;optimiser l&rsquo;exp\u00e9rience des utilisateurs en situation de handicap.<\/p><p>Technologies utilis\u00e9es<\/p><p>Le site zmirov.com repose sur les technologies suivantes :<\/p><p>&#8211; HTML5<br \/>&#8211; CSS3<br \/>&#8211; JavaScript<br \/>&#8211; WordPress<\/p><p>Difficult\u00e9s connues<\/p><p>Certains \u00e9l\u00e9ments du site peuvent pr\u00e9senter des limitations d&rsquo;accessibilit\u00e9, notamment :<\/p><p>&#8211; Des contenus visuels ne disposant pas syst\u00e9matiquement d&rsquo;alternatives textuelles<br \/>&#8211; Des contrastes de couleurs susceptibles d&rsquo;\u00eatre insuffisants sur certaines sections<br \/>&#8211; Des composants interactifs dont la navigation clavier peut \u00eatre perfectible<\/p><p>Ces points font l&rsquo;objet d&rsquo;un suivi et seront trait\u00e9s lors des prochaines \u00e9volutions du site.<\/p><p>Retour d&rsquo;information et contact<\/p><p>Si vous rencontrez une difficult\u00e9 d&rsquo;acc\u00e8s \u00e0 un contenu ou une fonctionnalit\u00e9 du site, vous pouvez nous en informer afin que nous vous proposions une alternative ou que nous apportions les corrections n\u00e9cessaires.<\/p><p>Contact : contact@zmirov.com<\/p><p>Voies de recours<\/p><p>Si vous ne recevez pas de r\u00e9ponse dans un d\u00e9lai de deux jours ouvr\u00e9s, ou si la r\u00e9ponse apport\u00e9e ne vous satisfait pas, vous avez la possibilit\u00e9 de saisir le D\u00e9fenseur des droits, dont les coordonn\u00e9es sont disponibles sur le site defenseurdesdroits.fr.<\/p><p>Date de la pr\u00e9sente d\u00e9claration : mai 2026<\/p>\t\t\t\t\t\t\t\t<\/div>\n\t\t\t\t<\/div>\n\t\t\t\t<\/div>\n\t\t\t\t<\/div>\n\t\t\t\t\t<\/div>\n\t\t\t\t<\/div>\n\t\t\t\t<\/div>","protected":false},"excerpt":{"rendered":"<p>Mentions l\u00e9gales Politique d&rsquo;accessibilit\u00e9 ZMIROV COMMUNICATION s&rsquo;engage \u00e0 rendre son site zmirov.com accessible au plus grand nombre, conform\u00e9ment aux recommandations du R\u00e9f\u00e9rentiel G\u00e9n\u00e9ral d&rsquo;Am\u00e9lioration de l&rsquo;Accessibilit\u00e9 (RGAA 4.1). \u00c9tat de conformit\u00e9 Le site zmirov.com est actuellement en conformit\u00e9 partielle avec le RGAA 4.1. Des travaux d&rsquo;am\u00e9lioration sont en cours afin d&rsquo;optimiser l&rsquo;exp\u00e9rience des utilisateurs en [&hellip;]<\/p>\n","protected":false},"author":2,"featured_media":0,"parent":0,"menu_order":0,"comment_status":"closed","ping_status":"closed","template":"elementor_header_footer","meta":{"_acf_changed":false,"footnotes":""},"class_list":["post-9560","page","type-page","status-publish","hentry"],"acf":[],"yoast_head":"<!-- This site is optimized with the Yoast SEO plugin v27.4 - https:\/\/yoast.com\/product\/yoast-seo-wordpress\/ -->\n<title>Accessibilit\u00e9 - Zmirov<\/title>\n<meta name=\"robots\" content=\"index, follow, max-snippet:-1, max-image-preview:large, max-video-preview:-1\" \/>\n<link rel=\"canonical\" href=\"https:\/\/www.zmirov.com\/en\/accessibilite\/\" \/>\n<meta property=\"og:locale\" content=\"en_US\" \/>\n<meta property=\"og:type\" content=\"article\" \/>\n<meta property=\"og:title\" content=\"Accessibilit\u00e9 - Zmirov\" \/>\n<meta property=\"og:description\" content=\"Mentions l\u00e9gales Politique d&rsquo;accessibilit\u00e9 ZMIROV COMMUNICATION s&rsquo;engage \u00e0 rendre son site zmirov.com accessible au plus grand nombre, conform\u00e9ment aux recommandations du R\u00e9f\u00e9rentiel G\u00e9n\u00e9ral d&rsquo;Am\u00e9lioration de l&rsquo;Accessibilit\u00e9 (RGAA 4.1). \u00c9tat de conformit\u00e9 Le site zmirov.com est actuellement en conformit\u00e9 partielle avec le RGAA 4.1. Des travaux d&rsquo;am\u00e9lioration sont en cours afin d&rsquo;optimiser l&rsquo;exp\u00e9rience des utilisateurs en [&hellip;]\" \/>\n<meta property=\"og:url\" content=\"https:\/\/www.zmirov.com\/en\/accessibilite\/\" \/>\n<meta property=\"og:site_name\" content=\"Zmirov\" \/>\n<meta property=\"article:publisher\" content=\"https:\/\/www.facebook.com\/zmirov\/?locale=fr_FR\" \/>\n<meta property=\"article:modified_time\" content=\"2026-05-11T11:28:56+00:00\" \/>\n<meta name=\"twitter:card\" content=\"summary_large_image\" \/>\n<meta name=\"twitter:site\" content=\"@Zmirov\" \/>\n<meta name=\"twitter:label1\" content=\"Est. reading time\" \/>\n\t<meta name=\"twitter:data1\" content=\"1 minute\" \/>\n<script type=\"application\/ld+json\" class=\"yoast-schema-graph\">{\"@context\":\"https:\\\/\\\/schema.org\",\"@graph\":[{\"@type\":\"WebPage\",\"@id\":\"https:\\\/\\\/www.zmirov.com\\\/accessibilite\\\/\",\"url\":\"https:\\\/\\\/www.zmirov.com\\\/accessibilite\\\/\",\"name\":\"Accessibilit\u00e9 - Zmirov\",\"isPartOf\":{\"@id\":\"https:\\\/\\\/www.zmirov.com\\\/#website\"},\"datePublished\":\"2026-05-11T11:27:29+00:00\",\"dateModified\":\"2026-05-11T11:28:56+00:00\",\"breadcrumb\":{\"@id\":\"https:\\\/\\\/www.zmirov.com\\\/accessibilite\\\/#breadcrumb\"},\"inLanguage\":\"en-US\",\"potentialAction\":[{\"@type\":\"ReadAction\",\"target\":[\"https:\\\/\\\/www.zmirov.com\\\/accessibilite\\\/\"]}]},{\"@type\":\"BreadcrumbList\",\"@id\":\"https:\\\/\\\/www.zmirov.com\\\/accessibilite\\\/#breadcrumb\",\"itemListElement\":[{\"@type\":\"ListItem\",\"position\":1,\"name\":\"Home\",\"item\":\"https:\\\/\\\/www.zmirov.com\\\/\"},{\"@type\":\"ListItem\",\"position\":2,\"name\":\"Accessibilit\u00e9\"}]},{\"@type\":\"WebSite\",\"@id\":\"https:\\\/\\\/www.zmirov.com\\\/#website\",\"url\":\"https:\\\/\\\/www.zmirov.com\\\/\",\"name\":\"Zmirov\",\"description\":\"\",\"publisher\":{\"@id\":\"https:\\\/\\\/www.zmirov.com\\\/#organization\"},\"potentialAction\":[{\"@type\":\"SearchAction\",\"target\":{\"@type\":\"EntryPoint\",\"urlTemplate\":\"https:\\\/\\\/www.zmirov.com\\\/?s={search_term_string}\"},\"query-input\":{\"@type\":\"PropertyValueSpecification\",\"valueRequired\":true,\"valueName\":\"search_term_string\"}}],\"inLanguage\":\"en-US\"},{\"@type\":\"Organization\",\"@id\":\"https:\\\/\\\/www.zmirov.com\\\/#organization\",\"name\":\"Zmirov Communication\",\"url\":\"https:\\\/\\\/www.zmirov.com\\\/\",\"logo\":{\"@type\":\"ImageObject\",\"inLanguage\":\"en-US\",\"@id\":\"https:\\\/\\\/www.zmirov.com\\\/#\\\/schema\\\/logo\\\/image\\\/\",\"url\":\"https:\\\/\\\/www.zmirov.com\\\/wp-content\\\/uploads\\\/2025\\\/11\\\/Vector-1_11zon.webp\",\"contentUrl\":\"https:\\\/\\\/www.zmirov.com\\\/wp-content\\\/uploads\\\/2025\\\/11\\\/Vector-1_11zon.webp\",\"width\":760,\"height\":96,\"caption\":\"Zmirov Communication\"},\"image\":{\"@id\":\"https:\\\/\\\/www.zmirov.com\\\/#\\\/schema\\\/logo\\\/image\\\/\"},\"sameAs\":[\"https:\\\/\\\/www.facebook.com\\\/zmirov\\\/?locale=fr_FR\",\"https:\\\/\\\/x.com\\\/Zmirov\",\"https:\\\/\\\/fr.linkedin.com\\\/company\\\/zmirov-communication\"]}]}<\/script>\n<!-- \/ Yoast SEO plugin. -->","yoast_head_json":{"title":"Accessibilit\u00e9 - Zmirov","robots":{"index":"index","follow":"follow","max-snippet":"max-snippet:-1","max-image-preview":"max-image-preview:large","max-video-preview":"max-video-preview:-1"},"canonical":"https:\/\/www.zmirov.com\/en\/accessibilite\/","og_locale":"en_US","og_type":"article","og_title":"Accessibilit\u00e9 - Zmirov","og_description":"Mentions l\u00e9gales Politique d&rsquo;accessibilit\u00e9 ZMIROV COMMUNICATION s&rsquo;engage \u00e0 rendre son site zmirov.com accessible au plus grand nombre, conform\u00e9ment aux recommandations du R\u00e9f\u00e9rentiel G\u00e9n\u00e9ral d&rsquo;Am\u00e9lioration de l&rsquo;Accessibilit\u00e9 (RGAA 4.1). \u00c9tat de conformit\u00e9 Le site zmirov.com est actuellement en conformit\u00e9 partielle avec le RGAA 4.1. Des travaux d&rsquo;am\u00e9lioration sont en cours afin d&rsquo;optimiser l&rsquo;exp\u00e9rience des utilisateurs en [&hellip;]","og_url":"https:\/\/www.zmirov.com\/en\/accessibilite\/","og_site_name":"Zmirov","article_publisher":"https:\/\/www.facebook.com\/zmirov\/?locale=fr_FR","article_modified_time":"2026-05-11T11:28:56+00:00","twitter_card":"summary_large_image","twitter_site":"@Zmirov","twitter_misc":{"Est. reading time":"1 minute"},"schema":{"@context":"https:\/\/schema.org","@graph":[{"@type":"WebPage","@id":"https:\/\/www.zmirov.com\/accessibilite\/","url":"https:\/\/www.zmirov.com\/accessibilite\/","name":"Accessibilit\u00e9 - Zmirov","isPartOf":{"@id":"https:\/\/www.zmirov.com\/#website"},"datePublished":"2026-05-11T11:27:29+00:00","dateModified":"2026-05-11T11:28:56+00:00","breadcrumb":{"@id":"https:\/\/www.zmirov.com\/accessibilite\/#breadcrumb"},"inLanguage":"en-US","potentialAction":[{"@type":"ReadAction","target":["https:\/\/www.zmirov.com\/accessibilite\/"]}]},{"@type":"BreadcrumbList","@id":"https:\/\/www.zmirov.com\/accessibilite\/#breadcrumb","itemListElement":[{"@type":"ListItem","position":1,"name":"Home","item":"https:\/\/www.zmirov.com\/"},{"@type":"ListItem","position":2,"name":"Accessibilit\u00e9"}]},{"@type":"WebSite","@id":"https:\/\/www.zmirov.com\/#website","url":"https:\/\/www.zmirov.com\/","name":"Zmirov","description":"","publisher":{"@id":"https:\/\/www.zmirov.com\/#organization"},"potentialAction":[{"@type":"SearchAction","target":{"@type":"EntryPoint","urlTemplate":"https:\/\/www.zmirov.com\/?s={search_term_string}"},"query-input":{"@type":"PropertyValueSpecification","valueRequired":true,"valueName":"search_term_string"}}],"inLanguage":"en-US"},{"@type":"Organization","@id":"https:\/\/www.zmirov.com\/#organization","name":"Zmirov Communication","url":"https:\/\/www.zmirov.com\/","logo":{"@type":"ImageObject","inLanguage":"en-US","@id":"https:\/\/www.zmirov.com\/#\/schema\/logo\/image\/","url":"https:\/\/www.zmirov.com\/wp-content\/uploads\/2025\/11\/Vector-1_11zon.webp","contentUrl":"https:\/\/www.zmirov.com\/wp-content\/uploads\/2025\/11\/Vector-1_11zon.webp","width":760,"height":96,"caption":"Zmirov Communication"},"image":{"@id":"https:\/\/www.zmirov.com\/#\/schema\/logo\/image\/"},"sameAs":["https:\/\/www.facebook.com\/zmirov\/?locale=fr_FR","https:\/\/x.com\/Zmirov","https:\/\/fr.linkedin.com\/company\/zmirov-communication"]}]}},"_links":{"self":[{"href":"https:\/\/www.zmirov.com\/en\/wp-json\/wp\/v2\/pages\/9560","targetHints":{"allow":["GET"]}}],"collection":[{"href":"https:\/\/www.zmirov.com\/en\/wp-json\/wp\/v2\/pages"}],"about":[{"href":"https:\/\/www.zmirov.com\/en\/wp-json\/wp\/v2\/types\/page"}],"author":[{"embeddable":true,"href":"https:\/\/www.zmirov.com\/en\/wp-json\/wp\/v2\/users\/2"}],"replies":[{"embeddable":true,"href":"https:\/\/www.zmirov.com\/en\/wp-json\/wp\/v2\/comments?post=9560"}],"version-history":[{"count":7,"href":"https:\/\/www.zmirov.com\/en\/wp-json\/wp\/v2\/pages\/9560\/revisions"}],"predecessor-version":[{"id":9567,"href":"https:\/\/www.zmirov.com\/en\/wp-json\/wp\/v2\/pages\/9560\/revisions\/9567"}],"wp:attachment":[{"href":"https:\/\/www.zmirov.com\/en\/wp-json\/wp\/v2\/media?parent=9560"}],"curies":[{"name":"wp","href":"https:\/\/api.w.org\/{rel}","templated":true}]}}