{"id":9569,"date":"2026-05-11T11:30:12","date_gmt":"2026-05-11T11:30:12","guid":{"rendered":"https:\/\/www.zmirov.com\/?page_id=9569"},"modified":"2026-05-11T11:42:24","modified_gmt":"2026-05-11T11:42:24","slug":"cookies","status":"publish","type":"page","link":"https:\/\/www.zmirov.com\/en\/cookies\/","title":{"rendered":"Cookies"},"content":{"rendered":"<div data-elementor-type=\"wp-page\" data-elementor-id=\"9569\" class=\"elementor elementor-9569\" data-elementor-post-type=\"page\">\n\t\t\t\t<div class=\"elementor-element elementor-element-c249459 e-flex e-con-boxed e-con e-parent\" data-id=\"c249459\" data-element_type=\"container\" data-e-type=\"container\">\n\t\t\t\t\t<div class=\"e-con-inner\">\n\t\t<div class=\"elementor-element elementor-element-34b8180 e-con-full e-flex e-con e-child\" data-id=\"34b8180\" data-element_type=\"container\" data-e-type=\"container\">\n\t\t\t\t<div class=\"elementor-element elementor-element-f45f970 elementor-widget elementor-widget-heading\" data-id=\"f45f970\" data-element_type=\"widget\" data-e-type=\"widget\" data-widget_type=\"heading.default\">\n\t\t\t\t\t<h1 class=\"elementor-heading-title elementor-size-default\">Mentions l\u00e9gales<\/h1>\t\t\t\t<\/div>\n\t\t\t\t<\/div>\n\t\t<div class=\"elementor-element elementor-element-9c72e03 e-con-full e-flex e-con e-child\" data-id=\"9c72e03\" data-element_type=\"container\" data-e-type=\"container\">\n\t\t<div class=\"elementor-element elementor-element-ff4129e e-con-full e-flex e-con e-child\" data-id=\"ff4129e\" data-element_type=\"container\" data-e-type=\"container\">\n\t\t<div class=\"elementor-element elementor-element-b020c7f e-con-full e-flex e-con e-child\" data-id=\"b020c7f\" data-element_type=\"container\" data-e-type=\"container\">\n\t\t\t\t<div class=\"elementor-element elementor-element-b8cfd43 elementor-widget elementor-widget-text-editor\" data-id=\"b8cfd43\" data-element_type=\"widget\" data-e-type=\"widget\" data-widget_type=\"text-editor.default\">\n\t\t\t\t\t\t\t\t\t<p>Politique de cookies<\/p>\t\t\t\t\t\t\t\t<\/div>\n\t\t\t\t<div class=\"elementor-element elementor-element-75ae332 elementor-widget-mobile__width-inherit elementor-widget elementor-widget-text-editor\" data-id=\"75ae332\" data-element_type=\"widget\" data-e-type=\"widget\" data-widget_type=\"text-editor.default\">\n\t\t\t\t\t\t\t\t\t<p>Qu&rsquo;est-ce qu&rsquo;un cookie ?<\/p><p>Un cookie est un petit fichier texte d\u00e9pos\u00e9 sur votre terminal (ordinateur, smartphone, tablette) lors de votre visite sur un site internet. Il permet au site de m\u00e9moriser des informations relatives \u00e0 votre navigation afin d&rsquo;am\u00e9liorer votre exp\u00e9rience et de produire des statistiques d&rsquo;audience.<\/p><p><br \/>Cookies d\u00e9pos\u00e9s sur zmirov.com<\/p><p>Le site zmirov.com utilise les cat\u00e9gories de cookies suivantes :<\/p><p><br \/>Cookies strictement n\u00e9cessaires<\/p><p>Ces cookies sont indispensables au bon fonctionnement du site. Ils ne peuvent pas \u00eatre d\u00e9sactiv\u00e9s. Ils ne collectent aucune donn\u00e9e \u00e0 caract\u00e8re personnel utilisable \u00e0 des fins de ciblage publicitaire.<\/p><p><br \/>Cookies de mesure d&rsquo;audience<\/p><p>Le site utilise Google Analytics 4 (GA4), un service propos\u00e9 par Google LLC. Ces cookies permettent de mesurer le nombre de visites, les pages consult\u00e9es, la provenance des visiteurs et leur comportement de navigation, dans le but d&rsquo;am\u00e9liorer le site.<\/p><p>Les donn\u00e9es collect\u00e9es sont agr\u00e9g\u00e9es et anonymis\u00e9es. Elles sont conserv\u00e9es pendant 14 mois.<\/p><p>Pour en savoir plus sur les pratiques de Google en mati\u00e8re de donn\u00e9es : policies.google.com\/privacy<\/p><p><br \/>Gestion de vos pr\u00e9f\u00e9rences<\/p><p>Lors de votre premi\u00e8re visite sur le site, un bandeau vous informe de la pr\u00e9sence de cookies et vous permet d&rsquo;accepter ou de refuser les cookies non essentiels.<\/p><p>Vous pouvez \u00e0 tout moment modifier vos pr\u00e9f\u00e9rences en cliquant sur \u00ab\u00a0G\u00e9rer mes cookies\u00a0\u00bb en bas de page.<\/p><p>Vous pouvez \u00e9galement d\u00e9sactiver les cookies directement depuis les param\u00e8tres de votre navigateur :<\/p><p>&#8211; Google Chrome : Param\u00e8tres &gt; Confidentialit\u00e9 et s\u00e9curit\u00e9 &gt; Cookies<br \/>&#8211; Firefox : Options &gt; Vie priv\u00e9e et s\u00e9curit\u00e9 &gt; Cookies<br \/>&#8211; Safari : Pr\u00e9f\u00e9rences &gt; Confidentialit\u00e9<br \/>&#8211; Microsoft Edge : Param\u00e8tres &gt; Cookies et autorisations de site<\/p><p><br \/>Contact<\/p><p>Pour toute question relative \u00e0 notre politique de cookies, vous pouvez nous contacter \u00e0 l&rsquo;adresse suivante : contact@zmirov.com<\/p><p><br \/>Date de mise \u00e0 jour : mai 2026<\/p>\t\t\t\t\t\t\t\t<\/div>\n\t\t\t\t<\/div>\n\t\t\t\t<\/div>\n\t\t\t\t<\/div>\n\t\t\t\t\t<\/div>\n\t\t\t\t<\/div>\n\t\t\t\t<\/div>","protected":false},"excerpt":{"rendered":"<p>Mentions l\u00e9gales Politique de cookies Qu&rsquo;est-ce qu&rsquo;un cookie ? Un cookie est un petit fichier texte d\u00e9pos\u00e9 sur votre terminal (ordinateur, smartphone, tablette) lors de votre visite sur un site internet. Il permet au site de m\u00e9moriser des informations relatives \u00e0 votre navigation afin d&rsquo;am\u00e9liorer votre exp\u00e9rience et de produire des statistiques d&rsquo;audience. Cookies d\u00e9pos\u00e9s [&hellip;]<\/p>\n","protected":false},"author":2,"featured_media":0,"parent":0,"menu_order":0,"comment_status":"closed","ping_status":"closed","template":"elementor_header_footer","meta":{"_acf_changed":false,"footnotes":""},"class_list":["post-9569","page","type-page","status-publish","hentry"],"acf":[],"yoast_head":"<!-- This site is optimized with the Yoast SEO plugin v27.4 - https:\/\/yoast.com\/product\/yoast-seo-wordpress\/ -->\n<title>Cookies - Zmirov<\/title>\n<meta name=\"robots\" content=\"index, follow, max-snippet:-1, max-image-preview:large, max-video-preview:-1\" \/>\n<link rel=\"canonical\" href=\"https:\/\/www.zmirov.com\/en\/cookies\/\" \/>\n<meta property=\"og:locale\" content=\"en_US\" \/>\n<meta property=\"og:type\" content=\"article\" \/>\n<meta property=\"og:title\" content=\"Cookies - Zmirov\" \/>\n<meta property=\"og:description\" content=\"Mentions l\u00e9gales Politique de cookies Qu&rsquo;est-ce qu&rsquo;un cookie ? Un cookie est un petit fichier texte d\u00e9pos\u00e9 sur votre terminal (ordinateur, smartphone, tablette) lors de votre visite sur un site internet. Il permet au site de m\u00e9moriser des informations relatives \u00e0 votre navigation afin d&rsquo;am\u00e9liorer votre exp\u00e9rience et de produire des statistiques d&rsquo;audience. Cookies d\u00e9pos\u00e9s [&hellip;]\" \/>\n<meta property=\"og:url\" content=\"https:\/\/www.zmirov.com\/en\/cookies\/\" \/>\n<meta property=\"og:site_name\" content=\"Zmirov\" \/>\n<meta property=\"article:publisher\" content=\"https:\/\/www.facebook.com\/zmirov\/?locale=fr_FR\" \/>\n<meta property=\"article:modified_time\" content=\"2026-05-11T11:42:24+00:00\" \/>\n<meta name=\"twitter:card\" content=\"summary_large_image\" \/>\n<meta name=\"twitter:site\" content=\"@Zmirov\" \/>\n<meta name=\"twitter:label1\" content=\"Est. reading time\" \/>\n\t<meta name=\"twitter:data1\" content=\"2 minutes\" \/>\n<script type=\"application\/ld+json\" class=\"yoast-schema-graph\">{\"@context\":\"https:\\\/\\\/schema.org\",\"@graph\":[{\"@type\":\"WebPage\",\"@id\":\"https:\\\/\\\/www.zmirov.com\\\/cookies\\\/\",\"url\":\"https:\\\/\\\/www.zmirov.com\\\/cookies\\\/\",\"name\":\"Cookies - Zmirov\",\"isPartOf\":{\"@id\":\"https:\\\/\\\/www.zmirov.com\\\/#website\"},\"datePublished\":\"2026-05-11T11:30:12+00:00\",\"dateModified\":\"2026-05-11T11:42:24+00:00\",\"breadcrumb\":{\"@id\":\"https:\\\/\\\/www.zmirov.com\\\/cookies\\\/#breadcrumb\"},\"inLanguage\":\"en-US\",\"potentialAction\":[{\"@type\":\"ReadAction\",\"target\":[\"https:\\\/\\\/www.zmirov.com\\\/cookies\\\/\"]}]},{\"@type\":\"BreadcrumbList\",\"@id\":\"https:\\\/\\\/www.zmirov.com\\\/cookies\\\/#breadcrumb\",\"itemListElement\":[{\"@type\":\"ListItem\",\"position\":1,\"name\":\"Home\",\"item\":\"https:\\\/\\\/www.zmirov.com\\\/\"},{\"@type\":\"ListItem\",\"position\":2,\"name\":\"Cookies\"}]},{\"@type\":\"WebSite\",\"@id\":\"https:\\\/\\\/www.zmirov.com\\\/#website\",\"url\":\"https:\\\/\\\/www.zmirov.com\\\/\",\"name\":\"Zmirov\",\"description\":\"\",\"publisher\":{\"@id\":\"https:\\\/\\\/www.zmirov.com\\\/#organization\"},\"potentialAction\":[{\"@type\":\"SearchAction\",\"target\":{\"@type\":\"EntryPoint\",\"urlTemplate\":\"https:\\\/\\\/www.zmirov.com\\\/?s={search_term_string}\"},\"query-input\":{\"@type\":\"PropertyValueSpecification\",\"valueRequired\":true,\"valueName\":\"search_term_string\"}}],\"inLanguage\":\"en-US\"},{\"@type\":\"Organization\",\"@id\":\"https:\\\/\\\/www.zmirov.com\\\/#organization\",\"name\":\"Zmirov Communication\",\"url\":\"https:\\\/\\\/www.zmirov.com\\\/\",\"logo\":{\"@type\":\"ImageObject\",\"inLanguage\":\"en-US\",\"@id\":\"https:\\\/\\\/www.zmirov.com\\\/#\\\/schema\\\/logo\\\/image\\\/\",\"url\":\"https:\\\/\\\/www.zmirov.com\\\/wp-content\\\/uploads\\\/2025\\\/11\\\/Vector-1_11zon.webp\",\"contentUrl\":\"https:\\\/\\\/www.zmirov.com\\\/wp-content\\\/uploads\\\/2025\\\/11\\\/Vector-1_11zon.webp\",\"width\":760,\"height\":96,\"caption\":\"Zmirov Communication\"},\"image\":{\"@id\":\"https:\\\/\\\/www.zmirov.com\\\/#\\\/schema\\\/logo\\\/image\\\/\"},\"sameAs\":[\"https:\\\/\\\/www.facebook.com\\\/zmirov\\\/?locale=fr_FR\",\"https:\\\/\\\/x.com\\\/Zmirov\",\"https:\\\/\\\/fr.linkedin.com\\\/company\\\/zmirov-communication\"]}]}<\/script>\n<!-- \/ Yoast SEO plugin. -->","yoast_head_json":{"title":"Cookies - Zmirov","robots":{"index":"index","follow":"follow","max-snippet":"max-snippet:-1","max-image-preview":"max-image-preview:large","max-video-preview":"max-video-preview:-1"},"canonical":"https:\/\/www.zmirov.com\/en\/cookies\/","og_locale":"en_US","og_type":"article","og_title":"Cookies - Zmirov","og_description":"Mentions l\u00e9gales Politique de cookies Qu&rsquo;est-ce qu&rsquo;un cookie ? Un cookie est un petit fichier texte d\u00e9pos\u00e9 sur votre terminal (ordinateur, smartphone, tablette) lors de votre visite sur un site internet. Il permet au site de m\u00e9moriser des informations relatives \u00e0 votre navigation afin d&rsquo;am\u00e9liorer votre exp\u00e9rience et de produire des statistiques d&rsquo;audience. Cookies d\u00e9pos\u00e9s [&hellip;]","og_url":"https:\/\/www.zmirov.com\/en\/cookies\/","og_site_name":"Zmirov","article_publisher":"https:\/\/www.facebook.com\/zmirov\/?locale=fr_FR","article_modified_time":"2026-05-11T11:42:24+00:00","twitter_card":"summary_large_image","twitter_site":"@Zmirov","twitter_misc":{"Est. reading time":"2 minutes"},"schema":{"@context":"https:\/\/schema.org","@graph":[{"@type":"WebPage","@id":"https:\/\/www.zmirov.com\/cookies\/","url":"https:\/\/www.zmirov.com\/cookies\/","name":"Cookies - Zmirov","isPartOf":{"@id":"https:\/\/www.zmirov.com\/#website"},"datePublished":"2026-05-11T11:30:12+00:00","dateModified":"2026-05-11T11:42:24+00:00","breadcrumb":{"@id":"https:\/\/www.zmirov.com\/cookies\/#breadcrumb"},"inLanguage":"en-US","potentialAction":[{"@type":"ReadAction","target":["https:\/\/www.zmirov.com\/cookies\/"]}]},{"@type":"BreadcrumbList","@id":"https:\/\/www.zmirov.com\/cookies\/#breadcrumb","itemListElement":[{"@type":"ListItem","position":1,"name":"Home","item":"https:\/\/www.zmirov.com\/"},{"@type":"ListItem","position":2,"name":"Cookies"}]},{"@type":"WebSite","@id":"https:\/\/www.zmirov.com\/#website","url":"https:\/\/www.zmirov.com\/","name":"Zmirov","description":"","publisher":{"@id":"https:\/\/www.zmirov.com\/#organization"},"potentialAction":[{"@type":"SearchAction","target":{"@type":"EntryPoint","urlTemplate":"https:\/\/www.zmirov.com\/?s={search_term_string}"},"query-input":{"@type":"PropertyValueSpecification","valueRequired":true,"valueName":"search_term_string"}}],"inLanguage":"en-US"},{"@type":"Organization","@id":"https:\/\/www.zmirov.com\/#organization","name":"Zmirov Communication","url":"https:\/\/www.zmirov.com\/","logo":{"@type":"ImageObject","inLanguage":"en-US","@id":"https:\/\/www.zmirov.com\/#\/schema\/logo\/image\/","url":"https:\/\/www.zmirov.com\/wp-content\/uploads\/2025\/11\/Vector-1_11zon.webp","contentUrl":"https:\/\/www.zmirov.com\/wp-content\/uploads\/2025\/11\/Vector-1_11zon.webp","width":760,"height":96,"caption":"Zmirov Communication"},"image":{"@id":"https:\/\/www.zmirov.com\/#\/schema\/logo\/image\/"},"sameAs":["https:\/\/www.facebook.com\/zmirov\/?locale=fr_FR","https:\/\/x.com\/Zmirov","https:\/\/fr.linkedin.com\/company\/zmirov-communication"]}]}},"_links":{"self":[{"href":"https:\/\/www.zmirov.com\/en\/wp-json\/wp\/v2\/pages\/9569","targetHints":{"allow":["GET"]}}],"collection":[{"href":"https:\/\/www.zmirov.com\/en\/wp-json\/wp\/v2\/pages"}],"about":[{"href":"https:\/\/www.zmirov.com\/en\/wp-json\/wp\/v2\/types\/page"}],"author":[{"embeddable":true,"href":"https:\/\/www.zmirov.com\/en\/wp-json\/wp\/v2\/users\/2"}],"replies":[{"embeddable":true,"href":"https:\/\/www.zmirov.com\/en\/wp-json\/wp\/v2\/comments?post=9569"}],"version-history":[{"count":7,"href":"https:\/\/www.zmirov.com\/en\/wp-json\/wp\/v2\/pages\/9569\/revisions"}],"predecessor-version":[{"id":9581,"href":"https:\/\/www.zmirov.com\/en\/wp-json\/wp\/v2\/pages\/9569\/revisions\/9581"}],"wp:attachment":[{"href":"https:\/\/www.zmirov.com\/en\/wp-json\/wp\/v2\/media?parent=9569"}],"curies":[{"name":"wp","href":"https:\/\/api.w.org\/{rel}","templated":true}]}}